{"id":14,"date":"2024-06-18T09:00:25","date_gmt":"2024-06-18T07:00:25","guid":{"rendered":"https:\/\/mrcopini.com\/?page_id=14"},"modified":"2025-02-13T11:53:17","modified_gmt":"2025-02-13T10:53:17","slug":"cookies","status":"publish","type":"page","link":"https:\/\/mrcopini.com\/ca\/cookies\/","title":{"rendered":"Pol\u00edtica de cookies"},"content":{"rendered":"<div data-elementor-type=\"wp-page\" data-elementor-id=\"14\" class=\"elementor elementor-14\" data-elementor-post-type=\"page\">\n\t\t\t\t<div class=\"elementor-element elementor-element-a5ec1d4 e-flex e-con-boxed e-con e-parent\" data-id=\"a5ec1d4\" data-element_type=\"container\" data-e-type=\"container\">\n\t\t\t\t\t<div class=\"e-con-inner\">\n\t\t\t\t<div class=\"elementor-element elementor-element-7698973 elementor-widget elementor-widget-heading\" data-id=\"7698973\" data-element_type=\"widget\" data-e-type=\"widget\" data-widget_type=\"heading.default\">\n\t\t\t\t<div class=\"elementor-widget-container\">\n\t\t\t\t\t<h2 class=\"elementor-heading-title elementor-size-default\">Pol\u00edtica de galetes<\/h2>\t\t\t\t<\/div>\n\t\t\t\t<\/div>\n\t\t\t\t<div class=\"elementor-element elementor-element-e9881c7 elementor-widget elementor-widget-text-editor\" data-id=\"e9881c7\" data-element_type=\"widget\" data-e-type=\"widget\" data-widget_type=\"text-editor.default\">\n\t\t\t\t<div class=\"elementor-widget-container\">\n\t\t\t\t\t\t\t\t\t<div class=\"row\">\n<div class=\"col-xl-10 mx-auto\">\n<div class=\"paper\"><header class=\"text-center\">\n\n<\/header>\n<div>\n\nL'acc\u00e9s a aquest lloc web pot implicar l'\u00fas de galetes. Les galetes s\u00f3n petites quantitats d'informaci\u00f3 que s'emmagatzemen al navegador que utilitza cada usuari \u2014als diferents dispositius que puguin fer servir per navegar\u2014 perqu\u00e8 el servidor recordi certa informaci\u00f3 que m\u00e9s tard nom\u00e9s llegir\u00e0 el servidor que les va implementar. Les galetes faciliten la navegaci\u00f3, la fan m\u00e9s c\u00f2moda per a l'usuari i no fan malb\u00e9 el dispositiu de navegaci\u00f3.\n\nLes galetes s\u00f3n procediments autom\u00e0tics per a la recollida d'informaci\u00f3 sobre les prefer\u00e8ncies determinades per l'Usuari durant la seva visita al lloc web, amb la finalitat de recon\u00e8ixer-lo com a usuari i personalitzar la seva experi\u00e8ncia i \u00fas del lloc web. Tamb\u00e9 poden, per exemple, ajudar a identificar i resoldre errors.\n\nLa informaci\u00f3 recollida mitjan\u00e7ant les galetes pot incloure la data i l'hora de les visites al lloc web, les p\u00e0gines visualitzades, el temps passat al lloc web i els llocs visitats just abans i despr\u00e9s. No obstant aix\u00f2, cap galeta permet contactar amb el n\u00famero de tel\u00e8fon de l'usuari ni amb cap altre mitj\u00e0 de contacte personal. Cap galeta pot extreure informaci\u00f3 del disc dur de l'usuari ni robar informaci\u00f3 personal. L'\u00fanica manera que la informaci\u00f3 privada de l'Usuari formi part del fitxer de galetes \u00e9s que l'usuari proporcioni personalment aquesta informaci\u00f3 al servidor.\n\nLes galetes que permeten identificar una persona es consideren dades personals. Per tant, s'hi aplicar\u00e0 la Pol\u00edtica de privacitat descrita anteriorment. En aquest sentit, ser\u00e0 necessari el consentiment de l'Usuari per al seu \u00fas. Aquest consentiment es comunicar\u00e0, basat en una elecci\u00f3 aut\u00e8ntica, ofert a trav\u00e9s d'una decisi\u00f3 afirmativa i positiva, abans del tractament inicial, revocable i documentat.\n<div class=\"\">\n<h4>Cookies de primera part<\/h4>\nAquestes s\u00f3n galetes que s'envien a l'ordinador o dispositiu de l'Usuari i s\u00f3n gestionades exclusivament per <span class=\"blanc-space ng-binding\">Mr. Copini<\/span> per al millor funcionament del lloc web. La informaci\u00f3 recollida s'utilitza per millorar la qualitat del lloc web i del seu contingut i la teva experi\u00e8ncia com a usuari. Aquestes galetes ens permeten recon\u00e8ixer-te com a visitant recurrent del lloc web i adaptar el contingut per oferir-te contingut que s'ajusti a les teves prefer\u00e8ncies.\n\n<\/div>\n<div class=\"thirdCookies ng-hide\">\n<h4>Cookies de tercers<\/h4>\nAquestes s\u00f3n galetes utilitzades i gestionades per entitats externes que proporcionen <span class=\"blanc-space ng-binding\">Mr. Copini<\/span> serveis sol\u00b7licitats per l'Usuari per millorar el lloc web i la seva experi\u00e8ncia de navegaci\u00f3. Els principals prop\u00f2sits per als quals s'utilitzen les galetes de tercers s\u00f3n obtenir estad\u00edstiques d'acc\u00e9s i analitzar la informaci\u00f3 de navegaci\u00f3, \u00e9s a dir, com l'Usuari interactua amb el lloc web.\n\nLa informaci\u00f3 obtinguda fa refer\u00e8ncia, per exemple, al nombre de p\u00e0gines visitades, l'idioma, la ubicaci\u00f3 de l'adre\u00e7a IP des de la qual l'Usuari accedeix al lloc web, el nombre d'Usuaris que hi accedeixen, la freq\u00fc\u00e8ncia i recurr\u00e8ncia de les visites, l'hora de la visita, el navegador que utilitzen, l'operador o el tipus de dispositiu des del qual es fa la visita. Aquesta informaci\u00f3 s'utilitza per millorar el lloc web i detectar noves necessitats amb l'objectiu d'oferir als usuaris contingut i\/o servei d'una qualitat \u00f2ptima. En qualsevol cas, la informaci\u00f3 es recull de manera an\u00f2nima i es generen informes sobre les tend\u00e8ncies del lloc web sense identificar els usuaris individuals.\n\nPodeu obtenir m\u00e9s informaci\u00f3 sobre les galetes, la informaci\u00f3 de privacitat o consultar la descripci\u00f3 del tipus de galetes utilitzades, les seves caracter\u00edstiques principals, el per\u00edode d'expiraci\u00f3, etc., a l'enlla\u00e7 o enlla\u00e7os seg\u00fcents:\n\n\u00a0\n\nL'entitat o entitats responsables de la prestaci\u00f3 de les galetes poden transferir aquesta informaci\u00f3 a tercers, sempre que ho exigeixi la llei o que un tercer processi aquesta informaci\u00f3 per a aquestes entitats.\n\n<\/div>\n<div class=\"ng-hide\">\n<h4>Cookies de xarxes socials<\/h4>\n<span class=\"blanc-space ng-binding\">Mr. Copini<\/span> incorpora complements de xarxes socials que permeten accedir a les xarxes socials des del lloc web. Per aquest motiu, \u00e9s possible que les galetes de les xarxes socials s'emmagatzemin al navegador de l'usuari. Els propietaris d'aquestes xarxes socials tenen les seves pr\u00f2pies pol\u00edtiques de protecci\u00f3 de dades i de galetes, i s\u00f3n els responsables, en cada cas, dels seus propis fitxers i de les seves pr\u00f2pies pr\u00e0ctiques de privacitat. L'Usuari ha de consultar aquestes pol\u00edtiques per obtenir informaci\u00f3 sobre aquestes galetes i, si s'escau, sobre el tractament de les seves dades personals. A t\u00edtol merament informatiu, a continuaci\u00f3 s'indiquen els enlla\u00e7os on es poden consultar aquestes pol\u00edtiques de privacitat i\/o de galetes:\n<ul>\n \t<li>Facebook: <a class=\"text-info\" href=\"https:\/\/www.facebook.com\/policies\/cookies\/\">https:\/\/www.facebook.com\/policies\/cookies\/<\/a><\/li>\n \t<li>Twitter: <a class=\"text-info\" href=\"https:\/\/twitter.com\/es\/privacy\">https:\/\/twitter.com\/es\/privacy<\/a><\/li>\n \t<li>Instagram: <a class=\"text-info\" href=\"https:\/\/help.instagram.com\/1896641480634370?ref=ig\">https:\/\/help.instagram.com\/1896641480634370?ref=ig<\/a><\/li>\n \t<li>YouTube: <a class=\"text-info\" href=\"https:\/\/policies.google.com\/privacy?hl=es-419&amp;gl=mx\">https:\/\/policies.google.com\/privacy?hl=es-419&amp;gl=mx<\/a><\/li>\n \t<li>Pinterest: <a class=\"text-info\" href=\"https:\/\/policy.pinterest.com\/es\/privacy-policy\">https:\/\/policy.pinterest.com\/es\/privacy-policy<\/a><\/li>\n \t<li>LinkedIn: <a class=\"text-info\" href=\"https:\/\/www.linkedin.com\/legal\/cookie-policy?trk=hp-cookies\">https:\/\/www.linkedin.com\/legal\/cookie-policy?trk=hp-cookies<\/a><\/li>\n<\/ul>\n<\/div>\n<h4>Desactiva, rebutja i elimina les galetes<\/h4>\nL'Usuari pot desactivar, rebutjar i eliminar les galetes \u2014totalment o parcialment\u2014 instal\u00b7lades al seu dispositiu configurant el seu navegador (incloent-hi, per exemple, Chrome, Firefox, Safari, Explorer). En aquest sentit, els procediments per rebutjar i eliminar les galetes poden variar d'un navegador d'Internet a un altre. Per tant, l'Usuari ha de consultar les instruccions proporcionades pel navegador d'Internet que utilitza. Si rebutgeu l'\u00fas de les galetes, totalment o parcialment, podeu continuar utilitzant el lloc web, tot i que l'\u00fas d'algunes de les seves funcions pot estar limitat.\n\n<\/div>\n<\/div>\n<\/div>\n<\/div>\t\t\t\t\t\t\t\t<\/div>\n\t\t\t\t<\/div>\n\t\t\t\t\t<\/div>\n\t\t\t\t<\/div>\n\t\t\t\t<\/div>","protected":false},"excerpt":{"rendered":"<p>Pol\u00edtica de cookie El acceso a este Sitio Web puede implicar la utilizaci\u00f3n de cookies. Las cookies son peque\u00f1as cantidades de informaci\u00f3n que se almacenan en el navegador utilizado por cada Usuario \u2014en los distintos dispositivos que pueda utilizar para navegar\u2014 para que el servidor recuerde cierta informaci\u00f3n que posteriormente y \u00fanicamente el servidor que [&hellip;]<\/p>\n","protected":false},"author":2,"featured_media":0,"parent":0,"menu_order":0,"comment_status":"closed","ping_status":"closed","template":"elementor_header_footer","meta":{"_joinchat":[],"footnotes":""},"class_list":["post-14","page","type-page","status-publish","hentry"],"yoast_head":"<!-- This site is optimized with the Yoast SEO plugin v27.4 - https:\/\/yoast.com\/product\/yoast-seo-wordpress\/ -->\n<title>Pol\u00edtica de cookies - MrCopini<\/title>\n<meta name=\"robots\" content=\"noindex, nofollow\" \/>\n<meta property=\"og:locale\" content=\"ca_ES\" \/>\n<meta property=\"og:type\" content=\"article\" \/>\n<meta property=\"og:title\" content=\"Pol\u00edtica de cookies - MrCopini\" \/>\n<meta property=\"og:description\" content=\"Pol\u00edtica de cookie El acceso a este Sitio Web puede implicar la utilizaci\u00f3n de cookies. Las cookies son peque\u00f1as cantidades de informaci\u00f3n que se almacenan en el navegador utilizado por cada Usuario \u2014en los distintos dispositivos que pueda utilizar para navegar\u2014 para que el servidor recuerde cierta informaci\u00f3n que posteriormente y \u00fanicamente el servidor que [&hellip;]\" \/>\n<meta property=\"og:url\" content=\"https:\/\/mrcopini.com\/ca\/cookies\/\" \/>\n<meta property=\"og:site_name\" content=\"MrCopini\" \/>\n<meta property=\"article:modified_time\" content=\"2025-02-13T10:53:17+00:00\" \/>\n<meta name=\"twitter:card\" content=\"summary_large_image\" \/>\n<script type=\"application\/ld+json\" class=\"yoast-schema-graph\">{\"@context\":\"https:\\\/\\\/schema.org\",\"@graph\":[{\"@type\":\"WebPage\",\"@id\":\"https:\\\/\\\/mrcopini.com\\\/cookies\\\/\",\"url\":\"https:\\\/\\\/mrcopini.com\\\/cookies\\\/\",\"name\":\"Pol\u00edtica de cookies - MrCopini\",\"isPartOf\":{\"@id\":\"https:\\\/\\\/mrcopini.com\\\/#website\"},\"datePublished\":\"2024-06-18T07:00:25+00:00\",\"dateModified\":\"2025-02-13T10:53:17+00:00\",\"breadcrumb\":{\"@id\":\"https:\\\/\\\/mrcopini.com\\\/cookies\\\/#breadcrumb\"},\"inLanguage\":\"ca\",\"potentialAction\":[{\"@type\":\"ReadAction\",\"target\":[\"https:\\\/\\\/mrcopini.com\\\/cookies\\\/\"]}]},{\"@type\":\"BreadcrumbList\",\"@id\":\"https:\\\/\\\/mrcopini.com\\\/cookies\\\/#breadcrumb\",\"itemListElement\":[{\"@type\":\"ListItem\",\"position\":1,\"name\":\"Portada\",\"item\":\"https:\\\/\\\/mrcopini.com\\\/\"},{\"@type\":\"ListItem\",\"position\":2,\"name\":\"Pol\u00edtica de cookies\"}]},{\"@type\":\"WebSite\",\"@id\":\"https:\\\/\\\/mrcopini.com\\\/#website\",\"url\":\"https:\\\/\\\/mrcopini.com\\\/\",\"name\":\"MrCopini\",\"description\":\"Artista de circo\",\"potentialAction\":[{\"@type\":\"SearchAction\",\"target\":{\"@type\":\"EntryPoint\",\"urlTemplate\":\"https:\\\/\\\/mrcopini.com\\\/?s={search_term_string}\"},\"query-input\":{\"@type\":\"PropertyValueSpecification\",\"valueRequired\":true,\"valueName\":\"search_term_string\"}}],\"inLanguage\":\"ca\"}]}<\/script>\n<!-- \/ Yoast SEO plugin. -->","yoast_head_json":{"title":"Pol\u00edtica de cookies - MrCopini","robots":{"index":"noindex","follow":"nofollow"},"og_locale":"ca_ES","og_type":"article","og_title":"Pol\u00edtica de cookies - MrCopini","og_description":"Pol\u00edtica de cookie El acceso a este Sitio Web puede implicar la utilizaci\u00f3n de cookies. Las cookies son peque\u00f1as cantidades de informaci\u00f3n que se almacenan en el navegador utilizado por cada Usuario \u2014en los distintos dispositivos que pueda utilizar para navegar\u2014 para que el servidor recuerde cierta informaci\u00f3n que posteriormente y \u00fanicamente el servidor que [&hellip;]","og_url":"https:\/\/mrcopini.com\/ca\/cookies\/","og_site_name":"MrCopini","article_modified_time":"2025-02-13T10:53:17+00:00","twitter_card":"summary_large_image","schema":{"@context":"https:\/\/schema.org","@graph":[{"@type":"WebPage","@id":"https:\/\/mrcopini.com\/cookies\/","url":"https:\/\/mrcopini.com\/cookies\/","name":"Pol\u00edtica de cookies - MrCopini","isPartOf":{"@id":"https:\/\/mrcopini.com\/#website"},"datePublished":"2024-06-18T07:00:25+00:00","dateModified":"2025-02-13T10:53:17+00:00","breadcrumb":{"@id":"https:\/\/mrcopini.com\/cookies\/#breadcrumb"},"inLanguage":"ca","potentialAction":[{"@type":"ReadAction","target":["https:\/\/mrcopini.com\/cookies\/"]}]},{"@type":"BreadcrumbList","@id":"https:\/\/mrcopini.com\/cookies\/#breadcrumb","itemListElement":[{"@type":"ListItem","position":1,"name":"Portada","item":"https:\/\/mrcopini.com\/"},{"@type":"ListItem","position":2,"name":"Pol\u00edtica de cookies"}]},{"@type":"WebSite","@id":"https:\/\/mrcopini.com\/#website","url":"https:\/\/mrcopini.com\/","name":"SenyorCopini","description":"Artista de circo","potentialAction":[{"@type":"SearchAction","target":{"@type":"EntryPoint","urlTemplate":"https:\/\/mrcopini.com\/?s={search_term_string}"},"query-input":{"@type":"PropertyValueSpecification","valueRequired":true,"valueName":"search_term_string"}}],"inLanguage":"ca"}]}},"_links":{"self":[{"href":"https:\/\/mrcopini.com\/ca\/wp-json\/wp\/v2\/pages\/14","targetHints":{"allow":["GET"]}}],"collection":[{"href":"https:\/\/mrcopini.com\/ca\/wp-json\/wp\/v2\/pages"}],"about":[{"href":"https:\/\/mrcopini.com\/ca\/wp-json\/wp\/v2\/types\/page"}],"author":[{"embeddable":true,"href":"https:\/\/mrcopini.com\/ca\/wp-json\/wp\/v2\/users\/2"}],"replies":[{"embeddable":true,"href":"https:\/\/mrcopini.com\/ca\/wp-json\/wp\/v2\/comments?post=14"}],"version-history":[{"count":8,"href":"https:\/\/mrcopini.com\/ca\/wp-json\/wp\/v2\/pages\/14\/revisions"}],"predecessor-version":[{"id":602,"href":"https:\/\/mrcopini.com\/ca\/wp-json\/wp\/v2\/pages\/14\/revisions\/602"}],"wp:attachment":[{"href":"https:\/\/mrcopini.com\/ca\/wp-json\/wp\/v2\/media?parent=14"}],"curies":[{"name":"wp","href":"https:\/\/api.w.org\/{rel}","templated":true}]}}