{"id":15,"date":"2024-06-18T09:00:47","date_gmt":"2024-06-18T07:00:47","guid":{"rendered":"https:\/\/mrcopini.com\/?page_id=15"},"modified":"2025-02-13T11:50:04","modified_gmt":"2025-02-13T10:50:04","slug":"legal","status":"publish","type":"page","link":"https:\/\/mrcopini.com\/ca\/legal\/","title":{"rendered":"Av\u00eds Legal"},"content":{"rendered":"<div data-elementor-type=\"wp-page\" data-elementor-id=\"15\" class=\"elementor elementor-15\" data-elementor-post-type=\"page\">\n\t\t\t\t<div class=\"elementor-element elementor-element-16470cc e-flex e-con-boxed e-con e-parent\" data-id=\"16470cc\" data-element_type=\"container\" data-e-type=\"container\">\n\t\t\t\t\t<div class=\"e-con-inner\">\n\t\t\t\t<div class=\"elementor-element elementor-element-3093278 elementor-widget elementor-widget-heading\" data-id=\"3093278\" data-element_type=\"widget\" data-e-type=\"widget\" data-widget_type=\"heading.default\">\n\t\t\t\t<div class=\"elementor-widget-container\">\n\t\t\t\t\t<h2 class=\"elementor-heading-title elementor-size-default\">Av\u00eds legal<\/h2>\t\t\t\t<\/div>\n\t\t\t\t<\/div>\n\t\t\t\t<div class=\"elementor-element elementor-element-54298ee elementor-widget elementor-widget-text-editor\" data-id=\"54298ee\" data-element_type=\"widget\" data-e-type=\"widget\" data-widget_type=\"text-editor.default\">\n\t\t\t\t<div class=\"elementor-widget-container\">\n\t\t\t\t\t\t\t\t\t<div class=\"row\"><div class=\"col col-xl-10 mx-auto\"><div class=\"paper\"><header class=\"text-center\"><\/header><div><h3>I. INFORMACI\u00d3 GENERAL<\/h3><p>D'acord amb el deure d'informaci\u00f3 establert a la Llei 34\/2002, d'11 de juliol, de Serveis de la Societat de la Informaci\u00f3 i de Comer\u00e7 Electr\u00f2nic (LSSI-CE), a continuaci\u00f3 es facilita la informaci\u00f3 general seg\u00fcent sobre aquest lloc web:<\/p><p>La propietat d'aquest lloc web, <span class=\"blanc-space ng-binding\">https:\/\/mrcopini.com\/<\/span>, (d'ara endavant, Lloc web) \u00e9s propietat de: <span class=\"blanc-space ng-binding\">Alemany Villavicencio<\/span>, amb n\u00famero d'identificaci\u00f3 fiscal: <span class=\"blanc-space ng-binding\">Y0107062B<\/span>, els seus detalls de contacte s\u00f3n:<\/p><p>Adre\u00e7a: <span class=\"blanc-space ng-binding\">41 Rovinia Street, 08017<\/span><\/p><p>N\u00famero de tel\u00e8fon de contacte: <span class=\"blanc-space ng-binding\">34660350910<\/span><\/p><p>Correu electr\u00f2nic de contacte: <span class=\"blanc-space ng-binding\">mrcopini@gmail.com<\/span><\/p><h3>II. TERMES I CONDICIONS GENERALS D'\u00daS<\/h3><h4>L'objecte dels termes i condicions: El lloc web<\/h4><p>L'objecte d'aquests Termes i Condicions Generals d'\u00das (en endavant, Termes i Condicions) \u00e9s regular l'acc\u00e9s i l'\u00fas del Lloc web. A efectes d'aquests Termes, el Lloc web s'entend com: l'aparen\u00e7a externa de les interf\u00edcies de pantalla, tant est\u00e0tiques com din\u00e0miques, \u00e9s a dir, l'arbre de navegaci\u00f3; i tots els elements integrats tant a les interf\u00edcies de pantalla com a l'arbre de navegaci\u00f3 (d'ara endavant, Contingut), aix\u00ed com tots aquells serveis o recursos en l\u00ednia que es puguin oferir als Usuaris (d'ara endavant, Serveis).<\/p><p><span class=\"blanc-space ng-binding\">Mr. Copini<\/span> es reserva el dret de modificar, en qualsevol moment i sense previ av\u00eds, la presentaci\u00f3 i la configuraci\u00f3 del lloc web i del contingut i dels serveis que s'hi puguin incorporar. L'usuari reconeix i accepta que en qualsevol moment <span class=\"blanc-space ng-binding\">Mr. Copini<\/span> pot interrompre, desactivar i\/o cancel\u00b7lar qualsevol d'aquests elements que estiguin integrats al lloc web o l'acc\u00e9s a aquests.<\/p><p>L'acc\u00e9s al lloc web per part de l'usuari \u00e9s gratu\u00eft i, com a regla general, sense cost, sense que l'usuari hagi de fer cap contraprestaci\u00f3 per gaudir-ne, excepte el cost de la connexi\u00f3 a trav\u00e9s de la xarxa de telecomunicacions proporcionada pel prove\u00efdor d'acc\u00e9s contractat per l'usuari.<\/p><p class=\"ng-hide\">A m\u00e9s del cost de connexi\u00f3 a trav\u00e9s de la xarxa de telecomunicacions proporcionada pel prove\u00efdor d'acc\u00e9s i contractada per l'Usuari, alguns dels Continguts o Serveis oferts per <span class=\"blanc-space ng-binding\">Mr. Copini<\/span> o, si s'escau, els tercers a trav\u00e9s del lloc web poden estar subjectes a la contractaci\u00f3 pr\u00e8via del Contingut o del Servei, en aquest cas, les Condicions Generals o Espec\u00edfiques corresponents que les regulen s'especificaran clarament i\/o posaran a disposici\u00f3 de l'Usuari.<\/p><p class=\"ng-hide\">L'\u00fas de qualsevol dels Continguts o Serveis del lloc web pot estar subjecte a una subscripci\u00f3 o registre previ per part de l'Usuari.<\/p><p class=\"\">L'\u00fas del contingut no requereix subscripci\u00f3 ni registre previs.<\/p><h4>L'usuari<\/h4><p>L'acc\u00e9s, la navegaci\u00f3 i l'\u00fas del lloc web, aix\u00ed com els espais habilitats per a la interacci\u00f3 entre Usuaris i entre l'Usuari i <span class=\"blanc-space ng-binding\">Mr. Copini<\/span>, com ara comentaris i\/o espais de blog, atorga l'estatus d'Usuari, cosa que significa que, des del moment en qu\u00e8 comenceu a navegar pel Lloc web, accepteu totes les Condicions establertes en aquest document, aix\u00ed com qualsevol modificaci\u00f3 posterior, sense perjudici de l'aplicaci\u00f3 de la normativa legal obligat\u00f2ria corresponent, segons sigui aplicable. Atesa la import\u00e0ncia de l'anterior, s'aconsella als Usuaris que les llegeixin cada vegada que visitin el Lloc web.<\/p><p>El lloc web de <span class=\"blanc-space ng-binding\">Mr. Copini<\/span> ofereix una \u00e0mplia varietat d'informaci\u00f3, serveis i dades. L'Usuari assumeix la responsabilitat de l'\u00fas adequat del lloc web. Aquesta responsabilitat s'est\u00e9n a:<\/p><ul><li>\u00das de la informaci\u00f3, el contingut i\/o els serveis i dades oferts per <span class=\"blanc-space ng-binding\">Mr. Copini<\/span> sense contravenir les disposicions d'aquests Termes i Condicions, la llei, la moral o l'ordre p\u00fablic, o de qualsevol altra manera que pugui vulnerar els drets de tercers o el funcionament del propi Lloc web.<\/li><li>L'exactitud i la legalitat de la informaci\u00f3 proporcionada per l'Usuari en els formularis emesos per <span class=\"blanc-space ng-binding\">Mr. Copini<\/span> per accedir a determinats Continguts o Serveis oferts pel Lloc web. En qualsevol cas, l'Usuari haur\u00e0 de notificar immediatament <span class=\"blanc-space ng-binding\">Mr. Copini<\/span> qualsevol esdeveniment que permeti el mal \u00fas de la informaci\u00f3 registrada en aquests formularis, com ara, entre d'altres, el robatori, la p\u00e8rdua o l'acc\u00e9s no autoritzat a identificadors i\/o contrasenyes, a fi de procedir a la seva cancel\u00b7laci\u00f3 immediata.<\/li><\/ul><p><span class=\"blanc-space ng-binding\">Mr. Copini<\/span> es reserva el dret de suprimir qualsevol comentari i contribuci\u00f3 que infringeixi la llei, el respecte a la dignitat humana, que sigui discriminatori, xen\u00f2fob, racista, pornogr\u00e0fic, de correu brossa, que amenaci menors o infants, l'ordre p\u00fablic o la seguretat, o que, al seu parer, no sigui adequat per a la publicaci\u00f3.<\/p><p>En qualsevol cas, <span class=\"blanc-space ng-binding\">Mr. Copini<\/span> no ser\u00e0 responsable de les opinions expressades pels Usuaris mitjan\u00e7ant comentaris o altres eines de blog o participaci\u00f3 que puguin existir.<\/p><p>El simple acc\u00e9s a aquest lloc web no implica cap mena de relaci\u00f3 comercial entre <span class=\"blanc-space ng-binding\">Mr. Copini<\/span> i l'usuari.<\/p><p>L'Usuari declara que \u00e9s major d'edat i t\u00e9 capacitat jur\u00eddica suficient per quedar vinculat per aquests Termes i Condicions. Per tant, aquest lloc web de <span class=\"blanc-space ng-binding\">Mr. Copini<\/span> No est\u00e0 destinat a menors d'edat. <span class=\"blanc-space ng-binding\">Mr. Copini<\/span> declina qualsevol responsabilitat per l'incompliment d'aquest requisit.<\/p><p class=\"ng-hide\">Sempre en compliment de la legislaci\u00f3 vigent, aquest lloc web de <span class=\"blanc-space ng-binding\">Mr. Copini<\/span> Est\u00e0 dirigit a totes les persones, independentment de l'edat, que puguin accedir i\/o navegar per les p\u00e0gines del lloc web.<\/p><p>El lloc web est\u00e0 principalment destinat a usuaris residents a <span class=\"blanc-space ng-binding\">Espanya<\/span>. <span class=\"blanc-space ng-binding\">Mr. Copini<\/span> no garanteix que el lloc web compleixi les lleis d'altres pa\u00efsos, ni en la seva totalitat ni en part. Si l'Usuari resideix o est\u00e0 domiciliat en un altre lloc i decideix accedir i\/o navegar pel lloc web, ho fa sota la seva pr\u00f2pia responsabilitat i ha de garantir que aquest acc\u00e9s i navegaci\u00f3 compleixin la legislaci\u00f3 local aplicable a ell, i no assumeix <span class=\"blanc-space ng-binding\">Mr. Copini<\/span> qualsevol responsabilitat que pugui derivar d'aquest acc\u00e9s.<\/p><h3>III. ACC\u00c9S I NAVEGACI\u00d3 AL LLOC WEB: EXCLUSI\u00d3 DE GARANTIES I RESPONSABILITAT<\/h3><p><span class=\"blanc-space ng-binding\">Mr. Copini<\/span> no garanteix la continu\u00eftat, la disponibilitat o la utilitat del lloc web, el seu contingut o els seus serveis. <span class=\"blanc-space ng-binding\">Mr. Copini<\/span> Far\u00e0 tot el possible per garantir el funcionament correcte del lloc web; no obstant aix\u00f2, no accepta responsabilitat ni garanteix que l'acc\u00e9s a aquest lloc web sigui ininterromput o lliure d'errors.<\/p><p>Tampoc no accepta la responsabilitat ni garanteix que el contingut o el programari al qual es pot accedir a trav\u00e9s d'aquest lloc web estigui lliure d'errors o que no causi danys al sistema inform\u00e0tic de l'Usuari (programari i maquinari). En cap circumst\u00e0ncia <span class=\"blanc-space ng-binding\">Mr. Copini<\/span> ser\u00e0 responsable de qualsevol p\u00e8rdua, dany o perjudici de qualsevol mena que sorgeixi de l'acc\u00e9s, la navegaci\u00f3 i l'\u00fas del lloc web, incloent-hi, entre d'altres, els causats als sistemes inform\u00e0tics o els causats per la introducci\u00f3 de virus.<\/p><p><span class=\"blanc-space ng-binding\">Mr. Copini<\/span> Ni tampoc \u00e9s responsable de cap dany que pugui causar als usuaris a causa de l'\u00fas indegut d'aquest lloc web. En particular, no \u00e9s responsable de cap manera de cap avaria, interrupci\u00f3, fallada o defecte en les telecomunicacions que pugui produir-se.<\/p><h3>IV. POL\u00cdTICA D'ENLLA\u00c7OS<\/h3><p class=\"ng-hide\">Us informem que el lloc web de <span class=\"blanc-space ng-binding\">Mr. Copini<\/span> proporciona o pot proporcionar als Usuaris enlla\u00e7os (com ara, entre d'altres, enlla\u00e7os, b\u00e0ners, botons), directoris i motors de cerca que permeten als Usuaris accedir a llocs web que pertanyen i\/o s\u00f3n gestionats per tercers.<\/p><p class=\"ng-hide\">La instal\u00b7laci\u00f3 d'aquests enlla\u00e7os, directoris i motors de cerca al lloc web t\u00e9 per finalitat facilitar als Usuaris la cerca i l'acc\u00e9s a la informaci\u00f3 disponible a Internet, sense que aix\u00f2 es consideri una sugger\u00e8ncia, recomanaci\u00f3 o invitaci\u00f3 a visitar-los.<\/p><p class=\"ng-hide\"><span class=\"blanc-space ng-binding\">Mr. Copini<\/span> no ofereix ni comercialitza, ni directament ni a trav\u00e9s de tercers, els productes i\/o serveis disponibles en aquests llocs enlla\u00e7ats.<\/p><p class=\"ng-hide\"><span class=\"blanc-space ng-binding\">Mr. Copini<\/span> ofereix contingut patrocinat, anuncis i\/o enlla\u00e7os d'afiliats. La informaci\u00f3 que apareix en aquests enlla\u00e7os d'afiliats o en els anuncis inserits \u00e9s proporcionada pels mateixos anunciants, per tant <span class=\"blanc-space ng-binding\">Mr. Copini<\/span> No es fa responsable de cap inexactitud o error que puguin contenir els anuncis, ni garanteix de cap manera l'experi\u00e8ncia, la integritat o la responsabilitat dels anunciants, ni la qualitat dels seus productes i\/o serveis.<\/p><p class=\"ng-hide\">De la mateixa manera, no garantir\u00e0 la disponibilitat t\u00e8cnica, l'exactitud, la veracitat, la validesa o la legalitat de llocs externs a la seva propietat als quals es pugui accedir mitjan\u00e7ant enlla\u00e7os.<\/p><p class=\"ng-hide\"><span class=\"blanc-space ng-binding\">Mr. Copini<\/span> En cap cas revisar\u00e0 ni controlar\u00e0 el contingut d'altres llocs web, ni tampoc aprova, examina o avalua els productes i serveis, el contingut, els fitxers i qualsevol altre material existent en els llocs enlla\u00e7ats esmentats.<\/p><p class=\"ng-hide\"><span class=\"blanc-space ng-binding\">Mr. Copini<\/span> no assumeix cap responsabilitat pels danys que puguin derivar-se de l'acc\u00e9s, l'\u00fas, la qualitat o la legalitat del contingut, les comunicacions, les opinions, els productes i els serveis de llocs web no gestionats per <span class=\"blanc-space ng-binding\">Mr. Copini<\/span> i que estan vinculats a aquest lloc web.<\/p><p>L'Usuari o tercer que crea un hiperenlla\u00e7 des d'una p\u00e0gina web en un altre lloc web diferent al Lloc web de <span class=\"blanc-space ng-binding\">Mr. Copini<\/span> cal que s\u00e0pigues que:<\/p><p>La reproducci\u00f3, total o parcial, de qualsevol dels Continguts i\/o Serveis del Lloc web no est\u00e0 permesa sense l'autoritzaci\u00f3 expressa de <span class=\"blanc-space ng-binding\">Mr. Copini<\/span>.<\/p><p>Tampoc no es permeten declaracions falses, inexactes o incorrectes sobre el lloc web. <span class=\"blanc-space ng-binding\">Mr. Copini<\/span>, ni sobre el seu Contingut i\/o Serveis.<\/p><p>Amb l'excepci\u00f3 de l'hiperv\u00edncul, el lloc web en qu\u00e8 s'estableixi aquest hiperv\u00edncul no haur\u00e0 de contenir cap element d'aquest lloc web protegit com a propietat intel\u00b7lectual per la legislaci\u00f3 espanyola, llevat que estigui expressament autoritzat per <span class=\"blanc-space ng-binding\">Mr. Copini<\/span>.<\/p><p>L'establiment de l'hiperv\u00edncul no implicar\u00e0 l'exist\u00e8ncia de relacions entre <span class=\"blanc-space ng-binding\">Mr. Copini<\/span> i el propietari del lloc web des del qual es fa, ni el coneixement i l'acceptaci\u00f3 de <span class=\"blanc-space ng-binding\">Mr. Copini<\/span> del contingut, serveis i\/o activitats oferts en el dit lloc web, i viceversa.<\/p><h3>V. PROPIETAT INTEL\u00b7LECTUAL I INDUSTRIAL<\/h3><p><span class=\"blanc-space ng-binding\">Mr. Copini<\/span> ja sigui per si mateixa o com a cession\u00e0ria, \u00e9s la propiet\u00e0ria de tots els drets de propietat intel\u00b7lectual i industrial del lloc web, aix\u00ed com dels elements que cont\u00e9 (incloent-hi, entre d'altres, imatges, so, \u00e0udio, v\u00eddeo, programari o textos, marques o logotips, combinacions de colors, estructura i disseny, selecci\u00f3 de materials utilitzats, programes inform\u00e0tics necessaris per al seu funcionament, acc\u00e9s i \u00fas, etc.). Per tant, seran obres protegides com a propietat intel\u00b7lectual pel sistema jur\u00eddic espanyol, i s'hi apliquen tant la normativa espanyola com la de la UE en aquesta mat\u00e8ria, aix\u00ed com els tractats internacionals relatius a la mat\u00e8ria i signats per Espanya.<\/p><p>Tots els drets reservats. D'acord amb les disposicions de la Llei de Propietat Intel\u00b7lectual, la reproducci\u00f3, distribuci\u00f3 i comunicaci\u00f3 p\u00fablica, inclosos els mitjans de posada a disposici\u00f3, de tots o part dels continguts d'aquest lloc web amb finalitats comercials, en qualsevol mitj\u00e0 i per qualsevol mitj\u00e0 t\u00e8cnic, sense l'autoritzaci\u00f3 de <span class=\"blanc-space ng-binding\">Mr. Copini<\/span>.<\/p><p>L'Usuari es compromet a respectar els drets de propietat intel\u00b7lectual i industrial de <span class=\"blanc-space ng-binding\">Mr. Copini<\/span>. Podeu visualitzar els elements del lloc web o fins i tot imprimir-los, copiar-los i desar-los al disc dur del vostre ordinador o en qualsevol altre mitj\u00e0 f\u00edsic, sempre que sigui exclusivament per al vostre \u00fas personal. No obstant aix\u00f2, no podeu suprimir, alterar ni manipular cap dispositiu de protecci\u00f3 o sistema de seguretat instal\u00b7lat al lloc web.<\/p><p>En cas que l'Usuari o un tercer consideri que qualsevol dels continguts del lloc web constitueix una violaci\u00f3 dels drets de propietat intel\u00b7lectual, haur\u00e0 de notificar immediatament <span class=\"blanc-space ng-binding\">Mr. Copini<\/span> mitjan\u00e7ant les dades de contacte de la secci\u00f3 d'INFORMACI\u00d3 GENERAL d'aquest Av\u00eds Legal i Condicions Generals d'\u00das.<\/p><h3>VI. ACCI\u00d3 LEGAL, LEGISLACI\u00d3 APLICABLE I JURISDICCI\u00d3<\/h3><p><span class=\"blanc-space ng-binding\">Mr. Copini<\/span> es reserva el dret d'exercir les accions civils o penals que consideri necess\u00e0ries pel mal \u00fas del lloc web i el contingut, o per l'incompliment d'aquests Termes i Condicions.<\/p><p>La relaci\u00f3 entre l'Usuari i <span class=\"blanc-space ng-binding\">Mr. Copini<\/span> S'haur\u00e0 de regir per la normativa vigent i aplicable al territori espanyol. En cas que sorgeixi qualsevol conflicte relacionat amb la interpretaci\u00f3 i\/o aplicaci\u00f3 d'aquestes Condicions, les parts sotmetran les seves disputes als tribunals ordinaris, sotmetent-se als jutges i tribunals que corresponguin d'acord amb la llei.<\/p><\/div><\/div><\/div><\/div>\t\t\t\t\t\t\t\t<\/div>\n\t\t\t\t<\/div>\n\t\t\t\t\t<\/div>\n\t\t\t\t<\/div>\n\t\t\t\t<\/div>","protected":false},"excerpt":{"rendered":"<p>Aviso Legal I. INFORMACI\u00d3N GENERAL En cumplimiento con el deber de informaci\u00f3n dispuesto en la Ley 34\/2002 de Servicios de la Sociedad de la Informaci\u00f3n y el Comercio Electr\u00f3nico (LSSI-CE) de 11 de julio, se facilitan a continuaci\u00f3n los siguientes datos de informaci\u00f3n general de este sitio web: La titularidad de este sitio web, https:\/\/mrcopini.com\/, [&hellip;]<\/p>\n","protected":false},"author":2,"featured_media":0,"parent":0,"menu_order":0,"comment_status":"closed","ping_status":"closed","template":"elementor_header_footer","meta":{"_joinchat":[],"footnotes":""},"class_list":["post-15","page","type-page","status-publish","hentry"],"yoast_head":"<!-- This site is optimized with the Yoast SEO plugin v27.4 - https:\/\/yoast.com\/product\/yoast-seo-wordpress\/ -->\n<title>Aviso legal - MrCopini<\/title>\n<meta name=\"robots\" content=\"noindex, nofollow\" \/>\n<meta property=\"og:locale\" content=\"ca_ES\" \/>\n<meta property=\"og:type\" content=\"article\" \/>\n<meta property=\"og:title\" content=\"Aviso legal - MrCopini\" \/>\n<meta property=\"og:description\" content=\"Aviso Legal I. INFORMACI\u00d3N GENERAL En cumplimiento con el deber de informaci\u00f3n dispuesto en la Ley 34\/2002 de Servicios de la Sociedad de la Informaci\u00f3n y el Comercio Electr\u00f3nico (LSSI-CE) de 11 de julio, se facilitan a continuaci\u00f3n los siguientes datos de informaci\u00f3n general de este sitio web: La titularidad de este sitio web, https:\/\/mrcopini.com\/, [&hellip;]\" \/>\n<meta property=\"og:url\" content=\"https:\/\/mrcopini.com\/ca\/legal\/\" \/>\n<meta property=\"og:site_name\" content=\"MrCopini\" \/>\n<meta property=\"article:modified_time\" content=\"2025-02-13T10:50:04+00:00\" \/>\n<meta name=\"twitter:card\" content=\"summary_large_image\" \/>\n<script type=\"application\/ld+json\" class=\"yoast-schema-graph\">{\"@context\":\"https:\\\/\\\/schema.org\",\"@graph\":[{\"@type\":\"WebPage\",\"@id\":\"https:\\\/\\\/mrcopini.com\\\/legal\\\/\",\"url\":\"https:\\\/\\\/mrcopini.com\\\/legal\\\/\",\"name\":\"Aviso legal - MrCopini\",\"isPartOf\":{\"@id\":\"https:\\\/\\\/mrcopini.com\\\/#website\"},\"datePublished\":\"2024-06-18T07:00:47+00:00\",\"dateModified\":\"2025-02-13T10:50:04+00:00\",\"breadcrumb\":{\"@id\":\"https:\\\/\\\/mrcopini.com\\\/legal\\\/#breadcrumb\"},\"inLanguage\":\"ca\",\"potentialAction\":[{\"@type\":\"ReadAction\",\"target\":[\"https:\\\/\\\/mrcopini.com\\\/legal\\\/\"]}]},{\"@type\":\"BreadcrumbList\",\"@id\":\"https:\\\/\\\/mrcopini.com\\\/legal\\\/#breadcrumb\",\"itemListElement\":[{\"@type\":\"ListItem\",\"position\":1,\"name\":\"Portada\",\"item\":\"https:\\\/\\\/mrcopini.com\\\/\"},{\"@type\":\"ListItem\",\"position\":2,\"name\":\"Aviso legal\"}]},{\"@type\":\"WebSite\",\"@id\":\"https:\\\/\\\/mrcopini.com\\\/#website\",\"url\":\"https:\\\/\\\/mrcopini.com\\\/\",\"name\":\"MrCopini\",\"description\":\"Artista de circo\",\"potentialAction\":[{\"@type\":\"SearchAction\",\"target\":{\"@type\":\"EntryPoint\",\"urlTemplate\":\"https:\\\/\\\/mrcopini.com\\\/?s={search_term_string}\"},\"query-input\":{\"@type\":\"PropertyValueSpecification\",\"valueRequired\":true,\"valueName\":\"search_term_string\"}}],\"inLanguage\":\"ca\"}]}<\/script>\n<!-- \/ Yoast SEO plugin. -->","yoast_head_json":{"title":"Aviso legal - MrCopini","robots":{"index":"noindex","follow":"nofollow"},"og_locale":"ca_ES","og_type":"article","og_title":"Aviso legal - MrCopini","og_description":"Aviso Legal I. INFORMACI\u00d3N GENERAL En cumplimiento con el deber de informaci\u00f3n dispuesto en la Ley 34\/2002 de Servicios de la Sociedad de la Informaci\u00f3n y el Comercio Electr\u00f3nico (LSSI-CE) de 11 de julio, se facilitan a continuaci\u00f3n los siguientes datos de informaci\u00f3n general de este sitio web: La titularidad de este sitio web, https:\/\/mrcopini.com\/, [&hellip;]","og_url":"https:\/\/mrcopini.com\/ca\/legal\/","og_site_name":"MrCopini","article_modified_time":"2025-02-13T10:50:04+00:00","twitter_card":"summary_large_image","schema":{"@context":"https:\/\/schema.org","@graph":[{"@type":"WebPage","@id":"https:\/\/mrcopini.com\/legal\/","url":"https:\/\/mrcopini.com\/legal\/","name":"Aviso legal - MrCopini","isPartOf":{"@id":"https:\/\/mrcopini.com\/#website"},"datePublished":"2024-06-18T07:00:47+00:00","dateModified":"2025-02-13T10:50:04+00:00","breadcrumb":{"@id":"https:\/\/mrcopini.com\/legal\/#breadcrumb"},"inLanguage":"ca","potentialAction":[{"@type":"ReadAction","target":["https:\/\/mrcopini.com\/legal\/"]}]},{"@type":"BreadcrumbList","@id":"https:\/\/mrcopini.com\/legal\/#breadcrumb","itemListElement":[{"@type":"ListItem","position":1,"name":"Portada","item":"https:\/\/mrcopini.com\/"},{"@type":"ListItem","position":2,"name":"Aviso legal"}]},{"@type":"WebSite","@id":"https:\/\/mrcopini.com\/#website","url":"https:\/\/mrcopini.com\/","name":"SenyorCopini","description":"Artista de circo","potentialAction":[{"@type":"SearchAction","target":{"@type":"EntryPoint","urlTemplate":"https:\/\/mrcopini.com\/?s={search_term_string}"},"query-input":{"@type":"PropertyValueSpecification","valueRequired":true,"valueName":"search_term_string"}}],"inLanguage":"ca"}]}},"_links":{"self":[{"href":"https:\/\/mrcopini.com\/ca\/wp-json\/wp\/v2\/pages\/15","targetHints":{"allow":["GET"]}}],"collection":[{"href":"https:\/\/mrcopini.com\/ca\/wp-json\/wp\/v2\/pages"}],"about":[{"href":"https:\/\/mrcopini.com\/ca\/wp-json\/wp\/v2\/types\/page"}],"author":[{"embeddable":true,"href":"https:\/\/mrcopini.com\/ca\/wp-json\/wp\/v2\/users\/2"}],"replies":[{"embeddable":true,"href":"https:\/\/mrcopini.com\/ca\/wp-json\/wp\/v2\/comments?post=15"}],"version-history":[{"count":8,"href":"https:\/\/mrcopini.com\/ca\/wp-json\/wp\/v2\/pages\/15\/revisions"}],"predecessor-version":[{"id":591,"href":"https:\/\/mrcopini.com\/ca\/wp-json\/wp\/v2\/pages\/15\/revisions\/591"}],"wp:attachment":[{"href":"https:\/\/mrcopini.com\/ca\/wp-json\/wp\/v2\/media?parent=15"}],"curies":[{"name":"wp","href":"https:\/\/api.w.org\/{rel}","templated":true}]}}