{"id":14,"date":"2024-06-18T09:00:25","date_gmt":"2024-06-18T07:00:25","guid":{"rendered":"https:\/\/mrcopini.com\/?page_id=14"},"modified":"2025-02-13T11:53:17","modified_gmt":"2025-02-13T10:53:17","slug":"cookies","status":"publish","type":"page","link":"https:\/\/mrcopini.com\/de\/cookies\/","title":{"rendered":"Cookies-Politik"},"content":{"rendered":"<div data-elementor-type=\"wp-page\" data-elementor-id=\"14\" class=\"elementor elementor-14\" data-elementor-post-type=\"page\">\n\t\t\t\t<div class=\"elementor-element elementor-element-a5ec1d4 e-flex e-con-boxed e-con e-parent\" data-id=\"a5ec1d4\" data-element_type=\"container\" data-e-type=\"container\">\n\t\t\t\t\t<div class=\"e-con-inner\">\n\t\t\t\t<div class=\"elementor-element elementor-element-7698973 elementor-widget elementor-widget-heading\" data-id=\"7698973\" data-element_type=\"widget\" data-e-type=\"widget\" data-widget_type=\"heading.default\">\n\t\t\t\t<div class=\"elementor-widget-container\">\n\t\t\t\t\t<h2 class=\"elementor-heading-title elementor-size-default\">Cookie-Politik<\/h2>\t\t\t\t<\/div>\n\t\t\t\t<\/div>\n\t\t\t\t<div class=\"elementor-element elementor-element-e9881c7 elementor-widget elementor-widget-text-editor\" data-id=\"e9881c7\" data-element_type=\"widget\" data-e-type=\"widget\" data-widget_type=\"text-editor.default\">\n\t\t\t\t<div class=\"elementor-widget-container\">\n\t\t\t\t\t\t\t\t\t<div class=\"row\">\n<div class=\"col-xl-10 mx-auto\">\n<div class=\"paper\"><header class=\"text-center\">\n\n<\/header>\n<div>\n\nDer Zugang zu dieser Website kann die Verwendung von Cookies beinhalten. Cookies sind kleine Informationsmengen, die in dem von jedem Nutzer verwendeten Browser - in den verschiedenen Ger\u00e4ten, die zum Surfen verwendet werden k\u00f6nnen - gespeichert werden, so dass sich der Server bestimmte Informationen merkt, die sp\u00e4ter nur von dem Server gelesen werden k\u00f6nnen, der sie implementiert hat. Cookies machen das Surfen einfacher, benutzerfreundlicher und besch\u00e4digen das Ger\u00e4t nicht.\n\nCookies sind automatische Verfahren zur Sammlung von Informationen \u00fcber die vom Nutzer w\u00e4hrend seines Besuchs auf der Website festgelegten Pr\u00e4ferenzen, um ihn als Nutzer zu erkennen und seine Erfahrung und Nutzung der Website zu personalisieren, und k\u00f6nnen beispielsweise auch dazu beitragen, Fehler zu erkennen und zu beheben.\n\nDie durch Cookies gesammelten Informationen k\u00f6nnen das Datum und die Uhrzeit der Besuche auf der Website, die aufgerufenen Seiten, die auf der Website verbrachte Zeit und die unmittelbar vor und nach der Website besuchten Websites umfassen. Kein Cookie erlaubt es dem Cookie jedoch, die Telefonnummer des Nutzers oder ein anderes Mittel zur pers\u00f6nlichen Kontaktaufnahme zu ermitteln. Kein Cookie kann Informationen von der Festplatte des Benutzers extrahieren oder pers\u00f6nliche Daten stehlen. Die einzige M\u00f6glichkeit, private Informationen des Benutzers in die Cookie-Datei aufzunehmen, besteht darin, dass der Benutzer diese Informationen pers\u00f6nlich an den Server weitergibt.\n\nCookies, die die Identifizierung einer Person erm\u00f6glichen, gelten als personenbezogene Daten. Daher gilt f\u00fcr sie die oben genannte Datenschutzrichtlinie. In diesem Sinne ist die Zustimmung des Nutzers f\u00fcr die Verwendung von Cookies erforderlich. Diese Zustimmung wird auf der Grundlage einer echten Wahl mitgeteilt, die durch eine best\u00e4tigende und positive Entscheidung vor der ersten Verarbeitung angeboten wird, und ist entfernbar und dokumentiert.\n<div class=\"\">\n<h4>Eigene Cookies<\/h4>\nDies sind Cookies, die an den Computer oder das Ger\u00e4t des Nutzers gesendet werden und ausschlie\u00dflich von <span class=\"blanc-space ng-binding\">Herr Copini<\/span> f\u00fcr das bessere Funktionieren der Website. Die gesammelten Informationen werden verwendet, um die Qualit\u00e4t der Website und ihrer Inhalte sowie Ihre Erfahrung als Nutzer zu verbessern. Diese Cookies erm\u00f6glichen es, den Nutzer als wiederkehrenden Besucher der Website zu erkennen und den Inhalt anzupassen, um ihm Inhalte anzubieten, die auf seine Vorlieben zugeschnitten sind.\n\n<\/div>\n<div class=\"thirdCookies ng-hide\">\n<h4>Cookies von Dritten<\/h4>\nEs handelt sich um Cookies, die von externen Stellen verwendet und verwaltet werden, die folgende Dienste anbieten <span class=\"blanc-space ng-binding\">Herr Copini<\/span> von ihm angeforderte Dienste, um die Website und die Nutzererfahrung beim Surfen auf der Website zu verbessern. Cookies von Drittanbietern werden in erster Linie verwendet, um Zugriffsstatistiken zu erhalten und Browsing-Informationen zu analysieren, d. h. wie der Nutzer mit der Website interagiert.\n\nDie erhaltenen Informationen beziehen sich beispielsweise auf die Anzahl der besuchten Seiten, die Sprache, den Ort der IP-Adresse, von der aus der Nutzer auf die Website zugreift, die Anzahl der Nutzer, die auf die Website zugreifen, die H\u00e4ufigkeit und Wiederholung der Besuche, die Uhrzeit des Besuchs, den verwendeten Browser, den Betreiber oder die Art des Ger\u00e4ts, von dem aus der Besuch erfolgt ist. Diese Informationen werden verwendet, um die Website zu verbessern und neue Bed\u00fcrfnisse zu erkennen, um den Nutzern eine optimale Qualit\u00e4t der Inhalte und\/oder Dienstleistungen zu bieten. In jedem Fall werden die Informationen anonym gesammelt und Berichte \u00fcber die Entwicklung der Website erstellt, ohne die einzelnen Nutzer zu identifizieren.\n\nWeitere Informationen \u00fcber Cookies, Informationen \u00fcber den Schutz der Privatsph\u00e4re oder eine Beschreibung der Art der verwendeten Cookies, ihrer wichtigsten Merkmale, ihrer Verfallszeit usw. finden Sie unter dem\/den folgenden Link(s):\n\n \n\nDie f\u00fcr die Bereitstellung von Cookies verantwortliche(n) Einrichtung(en) kann (k\u00f6nnen) diese Informationen an Dritte weitergeben, sofern dies gesetzlich vorgeschrieben ist oder ein Dritter diese Informationen f\u00fcr diese Einrichtungen verarbeitet.\n\n<\/div>\n<div class=\"ng-hide\">\n<h4>Cookies f\u00fcr soziale Medien<\/h4>\n<span class=\"blanc-space ng-binding\">Herr Copini<\/span> enth\u00e4lt Social Media Plugins, die den Zugang zu sozialen Netzwerken von der Website aus erm\u00f6glichen. Aus diesem Grund k\u00f6nnen Cookies der sozialen Netzwerke im Browser des Nutzers gespeichert werden. Die Eigent\u00fcmer dieser sozialen Netzwerke haben ihre eigenen Datenschutz- und Cookie-Richtlinien und sind in jedem Fall selbst f\u00fcr ihre eigenen Dateien und ihre eigenen Datenschutzpraktiken verantwortlich. Der Nutzer sollte sich an diese wenden, um Informationen \u00fcber diese Cookies und gegebenenfalls die Verarbeitung seiner personenbezogenen Daten zu erhalten. Zu Informationszwecken sind nachstehend die Links angegeben, \u00fcber die diese Datenschutz- und\/oder Cookie-Richtlinien konsultiert werden k\u00f6nnen:\n<ul>\n \t<li>Facebook: <a class=\"text-info\" href=\"https:\/\/www.facebook.com\/policies\/cookies\/\">https:\/\/www.facebook.com\/policies\/cookies\/<\/a><\/li>\n \t<li>Twitter: <a class=\"text-info\" href=\"https:\/\/twitter.com\/es\/privacy\">https:\/\/twitter.com\/es\/privacy<\/a><\/li>\n \t<li>Instagram: <a class=\"text-info\" href=\"https:\/\/help.instagram.com\/1896641480634370?ref=ig\">https:\/\/help.instagram.com\/1896641480634370?ref=ig<\/a><\/li>\n \t<li>YouTube: <a class=\"text-info\" href=\"https:\/\/policies.google.com\/privacy?hl=es-419&amp;gl=mx\">https:\/\/policies.google.com\/privacy?hl=es-419&amp;gl=mx<\/a><\/li>\n \t<li>Pinterest: <a class=\"text-info\" href=\"https:\/\/policy.pinterest.com\/es\/privacy-policy\">https:\/\/policy.pinterest.com\/es\/privacy-policy<\/a><\/li>\n \t<li>LinkedIn: <a class=\"text-info\" href=\"https:\/\/www.linkedin.com\/legal\/cookie-policy?trk=hp-cookies\">https:\/\/www.linkedin.com\/legal\/cookie-policy?trk=hp-cookies<\/a><\/li>\n<\/ul>\n<\/div>\n<h4>Deaktivierung, Ablehnung und L\u00f6schung von Cookies<\/h4>\nDer Nutzer kann die auf seinem Ger\u00e4t installierten Cookies ganz oder teilweise deaktivieren, ablehnen oder l\u00f6schen, indem er seinen Browser (z. B. Chrome, Firefox, Safari, Explorer) konfiguriert. Die Verfahren zur Ablehnung und L\u00f6schung von Cookies k\u00f6nnen sich von einem Internetbrowser zum anderen unterscheiden. Daher muss der Nutzer die Anweisungen des von ihm verwendeten Internetbrowsers befolgen. Wenn Sie die Verwendung von Cookies - ganz oder teilweise - ablehnen, k\u00f6nnen Sie die Website weiterhin nutzen, auch wenn die Nutzung einiger ihrer Funktionen eingeschr\u00e4nkt sein kann.\n\n<\/div>\n<\/div>\n<\/div>\n<\/div>\t\t\t\t\t\t\t\t<\/div>\n\t\t\t\t<\/div>\n\t\t\t\t\t<\/div>\n\t\t\t\t<\/div>\n\t\t\t\t<\/div>","protected":false},"excerpt":{"rendered":"<p>Pol\u00edtica de cookie El acceso a este Sitio Web puede implicar la utilizaci\u00f3n de cookies. Las cookies son peque\u00f1as cantidades de informaci\u00f3n que se almacenan en el navegador utilizado por cada Usuario \u2014en los distintos dispositivos que pueda utilizar para navegar\u2014 para que el servidor recuerde cierta informaci\u00f3n que posteriormente y \u00fanicamente el servidor que [&hellip;]<\/p>\n","protected":false},"author":2,"featured_media":0,"parent":0,"menu_order":0,"comment_status":"closed","ping_status":"closed","template":"elementor_header_footer","meta":{"_joinchat":[],"footnotes":""},"class_list":["post-14","page","type-page","status-publish","hentry"],"yoast_head":"<!-- This site is optimized with the Yoast SEO plugin v27.4 - https:\/\/yoast.com\/product\/yoast-seo-wordpress\/ -->\n<title>Pol\u00edtica de cookies - MrCopini<\/title>\n<meta name=\"robots\" content=\"noindex, nofollow\" \/>\n<meta property=\"og:locale\" content=\"de_DE\" \/>\n<meta property=\"og:type\" content=\"article\" \/>\n<meta property=\"og:title\" content=\"Pol\u00edtica de cookies - MrCopini\" \/>\n<meta property=\"og:description\" content=\"Pol\u00edtica de cookie El acceso a este Sitio Web puede implicar la utilizaci\u00f3n de cookies. Las cookies son peque\u00f1as cantidades de informaci\u00f3n que se almacenan en el navegador utilizado por cada Usuario \u2014en los distintos dispositivos que pueda utilizar para navegar\u2014 para que el servidor recuerde cierta informaci\u00f3n que posteriormente y \u00fanicamente el servidor que [&hellip;]\" \/>\n<meta property=\"og:url\" content=\"https:\/\/mrcopini.com\/de\/cookies\/\" \/>\n<meta property=\"og:site_name\" content=\"MrCopini\" \/>\n<meta property=\"article:modified_time\" content=\"2025-02-13T10:53:17+00:00\" \/>\n<meta name=\"twitter:card\" content=\"summary_large_image\" \/>\n<script type=\"application\/ld+json\" class=\"yoast-schema-graph\">{\"@context\":\"https:\\\/\\\/schema.org\",\"@graph\":[{\"@type\":\"WebPage\",\"@id\":\"https:\\\/\\\/mrcopini.com\\\/cookies\\\/\",\"url\":\"https:\\\/\\\/mrcopini.com\\\/cookies\\\/\",\"name\":\"Pol\u00edtica de cookies - MrCopini\",\"isPartOf\":{\"@id\":\"https:\\\/\\\/mrcopini.com\\\/#website\"},\"datePublished\":\"2024-06-18T07:00:25+00:00\",\"dateModified\":\"2025-02-13T10:53:17+00:00\",\"breadcrumb\":{\"@id\":\"https:\\\/\\\/mrcopini.com\\\/cookies\\\/#breadcrumb\"},\"inLanguage\":\"de\",\"potentialAction\":[{\"@type\":\"ReadAction\",\"target\":[\"https:\\\/\\\/mrcopini.com\\\/cookies\\\/\"]}]},{\"@type\":\"BreadcrumbList\",\"@id\":\"https:\\\/\\\/mrcopini.com\\\/cookies\\\/#breadcrumb\",\"itemListElement\":[{\"@type\":\"ListItem\",\"position\":1,\"name\":\"Portada\",\"item\":\"https:\\\/\\\/mrcopini.com\\\/\"},{\"@type\":\"ListItem\",\"position\":2,\"name\":\"Pol\u00edtica de cookies\"}]},{\"@type\":\"WebSite\",\"@id\":\"https:\\\/\\\/mrcopini.com\\\/#website\",\"url\":\"https:\\\/\\\/mrcopini.com\\\/\",\"name\":\"MrCopini\",\"description\":\"Artista de circo\",\"potentialAction\":[{\"@type\":\"SearchAction\",\"target\":{\"@type\":\"EntryPoint\",\"urlTemplate\":\"https:\\\/\\\/mrcopini.com\\\/?s={search_term_string}\"},\"query-input\":{\"@type\":\"PropertyValueSpecification\",\"valueRequired\":true,\"valueName\":\"search_term_string\"}}],\"inLanguage\":\"de\"}]}<\/script>\n<!-- \/ Yoast SEO plugin. -->","yoast_head_json":{"title":"Pol\u00edtica de cookies - MrCopini","robots":{"index":"noindex","follow":"nofollow"},"og_locale":"de_DE","og_type":"article","og_title":"Pol\u00edtica de cookies - MrCopini","og_description":"Pol\u00edtica de cookie El acceso a este Sitio Web puede implicar la utilizaci\u00f3n de cookies. Las cookies son peque\u00f1as cantidades de informaci\u00f3n que se almacenan en el navegador utilizado por cada Usuario \u2014en los distintos dispositivos que pueda utilizar para navegar\u2014 para que el servidor recuerde cierta informaci\u00f3n que posteriormente y \u00fanicamente el servidor que [&hellip;]","og_url":"https:\/\/mrcopini.com\/de\/cookies\/","og_site_name":"MrCopini","article_modified_time":"2025-02-13T10:53:17+00:00","twitter_card":"summary_large_image","schema":{"@context":"https:\/\/schema.org","@graph":[{"@type":"WebPage","@id":"https:\/\/mrcopini.com\/cookies\/","url":"https:\/\/mrcopini.com\/cookies\/","name":"Pol\u00edtica de cookies - MrCopini","isPartOf":{"@id":"https:\/\/mrcopini.com\/#website"},"datePublished":"2024-06-18T07:00:25+00:00","dateModified":"2025-02-13T10:53:17+00:00","breadcrumb":{"@id":"https:\/\/mrcopini.com\/cookies\/#breadcrumb"},"inLanguage":"de","potentialAction":[{"@type":"ReadAction","target":["https:\/\/mrcopini.com\/cookies\/"]}]},{"@type":"BreadcrumbList","@id":"https:\/\/mrcopini.com\/cookies\/#breadcrumb","itemListElement":[{"@type":"ListItem","position":1,"name":"Portada","item":"https:\/\/mrcopini.com\/"},{"@type":"ListItem","position":2,"name":"Pol\u00edtica de cookies"}]},{"@type":"WebSite","@id":"https:\/\/mrcopini.com\/#website","url":"https:\/\/mrcopini.com\/","name":"HerrCopini","description":"Zirkusartist","potentialAction":[{"@type":"SearchAction","target":{"@type":"EntryPoint","urlTemplate":"https:\/\/mrcopini.com\/?s={search_term_string}"},"query-input":{"@type":"PropertyValueSpecification","valueRequired":true,"valueName":"search_term_string"}}],"inLanguage":"de"}]}},"_links":{"self":[{"href":"https:\/\/mrcopini.com\/de\/wp-json\/wp\/v2\/pages\/14","targetHints":{"allow":["GET"]}}],"collection":[{"href":"https:\/\/mrcopini.com\/de\/wp-json\/wp\/v2\/pages"}],"about":[{"href":"https:\/\/mrcopini.com\/de\/wp-json\/wp\/v2\/types\/page"}],"author":[{"embeddable":true,"href":"https:\/\/mrcopini.com\/de\/wp-json\/wp\/v2\/users\/2"}],"replies":[{"embeddable":true,"href":"https:\/\/mrcopini.com\/de\/wp-json\/wp\/v2\/comments?post=14"}],"version-history":[{"count":8,"href":"https:\/\/mrcopini.com\/de\/wp-json\/wp\/v2\/pages\/14\/revisions"}],"predecessor-version":[{"id":602,"href":"https:\/\/mrcopini.com\/de\/wp-json\/wp\/v2\/pages\/14\/revisions\/602"}],"wp:attachment":[{"href":"https:\/\/mrcopini.com\/de\/wp-json\/wp\/v2\/media?parent=14"}],"curies":[{"name":"wp","href":"https:\/\/api.w.org\/{rel}","templated":true}]}}