{"id":14,"date":"2024-06-18T09:00:25","date_gmt":"2024-06-18T07:00:25","guid":{"rendered":"https:\/\/mrcopini.com\/?page_id=14"},"modified":"2025-02-13T11:53:17","modified_gmt":"2025-02-13T10:53:17","slug":"cookies","status":"publish","type":"page","link":"https:\/\/mrcopini.com\/en\/cookies\/","title":{"rendered":"Cookies policy"},"content":{"rendered":"<div data-elementor-type=\"wp-page\" data-elementor-id=\"14\" class=\"elementor elementor-14\" data-elementor-post-type=\"page\">\n\t\t\t\t<div class=\"elementor-element elementor-element-a5ec1d4 e-flex e-con-boxed e-con e-parent\" data-id=\"a5ec1d4\" data-element_type=\"container\" data-e-type=\"container\">\n\t\t\t\t\t<div class=\"e-con-inner\">\n\t\t\t\t<div class=\"elementor-element elementor-element-7698973 elementor-widget elementor-widget-heading\" data-id=\"7698973\" data-element_type=\"widget\" data-e-type=\"widget\" data-widget_type=\"heading.default\">\n\t\t\t\t<div class=\"elementor-widget-container\">\n\t\t\t\t\t<h2 class=\"elementor-heading-title elementor-size-default\">Cookie policy<\/h2>\t\t\t\t<\/div>\n\t\t\t\t<\/div>\n\t\t\t\t<div class=\"elementor-element elementor-element-e9881c7 elementor-widget elementor-widget-text-editor\" data-id=\"e9881c7\" data-element_type=\"widget\" data-e-type=\"widget\" data-widget_type=\"text-editor.default\">\n\t\t\t\t<div class=\"elementor-widget-container\">\n\t\t\t\t\t\t\t\t\t<div class=\"row\">\n<div class=\"col-xl-10 mx-auto\">\n<div class=\"paper\"><header class=\"text-center\">\n\n<\/header>\n<div>\n\nAccess to this Website may involve the use of cookies. Cookies are small amounts of information that are stored in the browser used by each User - in the different devices that may be used to browse - so that the server remembers certain information that will subsequently be read only by the server that implemented it. Cookies make browsing easier, more user-friendly and do not damage the browsing device.\n\nCookies are automatic procedures for collecting information relating to the preferences determined by the User during their visit to the Website in order to recognise them as a User, and to personalise their experience and use of the Website, and may also, for example, help to identify and resolve errors.\n\nThe information collected through cookies may include the date and time of visits to the Website, the pages viewed, the time spent on the Website and the sites visited just before and just after the Website. However, no cookie allows the cookie to contact the User's telephone number or any other means of personal contact. No cookie can extract information from the User's hard drive or steal personal information. The only way for the User's private information to be part of the Cookie file is for the User to personally give that information to the server.\n\nCookies that allow a person to be identified are considered personal data. Therefore, the aforementioned Privacy Policy shall apply to them. In this sense, the consent of the User will be necessary for the use of cookies. This consent will be communicated, on the basis of a genuine choice, offered by means of an affirmative and positive decision, prior to the initial processing, removable and documented.\n<div class=\"\">\n<h4>Own cookies<\/h4>\nThese are cookies that are sent to the User's computer or device and are exclusively managed by <span class=\"blanc-space ng-binding\">Mr. Copini<\/span> for the better functioning of the Website. The information collected is used to improve the quality of the Website and its Content and your experience as a User. These cookies make it possible to recognise the User as a repeat visitor to the Website and to adapt the content to offer him\/her content that is tailored to his\/her preferences.\n\n<\/div>\n<div class=\"thirdCookies ng-hide\">\n<h4>Third party cookies<\/h4>\nThese are cookies used and managed by external entities that provide to <span class=\"blanc-space ng-binding\">Mr. Copini<\/span> services requested by the same in order to improve the Website and the user's experience when browsing the Website. The main purposes for which third-party cookies are used are to obtain access statistics and to analyse browsing information, i.e. how the User interacts with the Website.\n\nThe information obtained refers, for example, to the number of pages visited, the language, the place where the IP address from which the User accesses, the number of Users who access, the frequency and recurrence of visits, the time of visit, the browser used, the operator or type of device from which the visit is made. This information is used to improve the Website, and to detect new needs in order to offer Users optimum quality Content and\/or service. In any case, the information is collected anonymously and reports on website trends are drawn up without identifying individual users.\n\nYou can obtain more information on cookies, information on privacy, or consult the description of the type of cookies used, their main characteristics, expiry period, etc. at the following link(s):\n\n \n\nThe entity(ies) responsible for the provision of cookies may transfer this information to third parties, provided that this is required by law or that a third party processes this information for these entities.\n\n<\/div>\n<div class=\"ng-hide\">\n<h4>Social media cookies<\/h4>\n<span class=\"blanc-space ng-binding\">Mr. Copini<\/span> incorporates social media plugins, which allow access to social networks from the Website. For this reason, social network cookies may be stored in the User's browser. The owners of these social networks have their own data protection and cookie policies, being themselves, in each case, responsible for their own files and their own privacy practices. The User should refer to them for information about these cookies and, where appropriate, the processing of their personal data. For information purposes only, the links where these privacy and\/or cookie policies can be consulted are indicated below:\n<ul>\n \t<li>Facebook: <a class=\"text-info\" href=\"https:\/\/www.facebook.com\/policies\/cookies\/\">https:\/\/www.facebook.com\/policies\/cookies\/<\/a><\/li>\n \t<li>Twitter: <a class=\"text-info\" href=\"https:\/\/twitter.com\/es\/privacy\">https:\/\/twitter.com\/es\/privacy<\/a><\/li>\n \t<li>Instagram: <a class=\"text-info\" href=\"https:\/\/help.instagram.com\/1896641480634370?ref=ig\">https:\/\/help.instagram.com\/1896641480634370?ref=ig<\/a><\/li>\n \t<li>YouTube: <a class=\"text-info\" href=\"https:\/\/policies.google.com\/privacy?hl=es-419&amp;gl=mx\">https:\/\/policies.google.com\/privacy?hl=es-419&amp;gl=mx<\/a><\/li>\n \t<li>Pinterest: <a class=\"text-info\" href=\"https:\/\/policy.pinterest.com\/es\/privacy-policy\">https:\/\/policy.pinterest.com\/es\/privacy-policy<\/a><\/li>\n \t<li>LinkedIn: <a class=\"text-info\" href=\"https:\/\/www.linkedin.com\/legal\/cookie-policy?trk=hp-cookies\">https:\/\/www.linkedin.com\/legal\/cookie-policy?trk=hp-cookies<\/a><\/li>\n<\/ul>\n<\/div>\n<h4>Disabling, rejecting and deleting cookies<\/h4>\nThe User can disable, reject and delete cookies - in whole or in part - installed on their device by configuring their browser (including, for example, Chrome, Firefox, Safari, Explorer). In this regard, the procedures for rejecting and deleting cookies may differ from one Internet browser to another. Consequently, the User must follow the instructions provided by the Internet browser that he\/she is using. In the event that you reject the use of cookies - totally or partially - you may continue to use the Website, although the use of some of its features may be limited.\n\n<\/div>\n<\/div>\n<\/div>\n<\/div>\t\t\t\t\t\t\t\t<\/div>\n\t\t\t\t<\/div>\n\t\t\t\t\t<\/div>\n\t\t\t\t<\/div>\n\t\t\t\t<\/div>","protected":false},"excerpt":{"rendered":"<p>Pol\u00edtica de cookie El acceso a este Sitio Web puede implicar la utilizaci\u00f3n de cookies. Las cookies son peque\u00f1as cantidades de informaci\u00f3n que se almacenan en el navegador utilizado por cada Usuario \u2014en los distintos dispositivos que pueda utilizar para navegar\u2014 para que el servidor recuerde cierta informaci\u00f3n que posteriormente y \u00fanicamente el servidor que [&hellip;]<\/p>\n","protected":false},"author":2,"featured_media":0,"parent":0,"menu_order":0,"comment_status":"closed","ping_status":"closed","template":"elementor_header_footer","meta":{"_joinchat":[],"footnotes":""},"class_list":["post-14","page","type-page","status-publish","hentry"],"yoast_head":"<!-- This site is optimized with the Yoast SEO plugin v27.4 - https:\/\/yoast.com\/product\/yoast-seo-wordpress\/ -->\n<title>Pol\u00edtica de cookies - MrCopini<\/title>\n<meta name=\"robots\" content=\"noindex, nofollow\" \/>\n<meta property=\"og:locale\" content=\"en_GB\" \/>\n<meta property=\"og:type\" content=\"article\" \/>\n<meta property=\"og:title\" content=\"Pol\u00edtica de cookies - MrCopini\" \/>\n<meta property=\"og:description\" content=\"Pol\u00edtica de cookie El acceso a este Sitio Web puede implicar la utilizaci\u00f3n de cookies. Las cookies son peque\u00f1as cantidades de informaci\u00f3n que se almacenan en el navegador utilizado por cada Usuario \u2014en los distintos dispositivos que pueda utilizar para navegar\u2014 para que el servidor recuerde cierta informaci\u00f3n que posteriormente y \u00fanicamente el servidor que [&hellip;]\" \/>\n<meta property=\"og:url\" content=\"https:\/\/mrcopini.com\/en\/cookies\/\" \/>\n<meta property=\"og:site_name\" content=\"MrCopini\" \/>\n<meta property=\"article:modified_time\" content=\"2025-02-13T10:53:17+00:00\" \/>\n<meta name=\"twitter:card\" content=\"summary_large_image\" \/>\n<script type=\"application\/ld+json\" class=\"yoast-schema-graph\">{\"@context\":\"https:\\\/\\\/schema.org\",\"@graph\":[{\"@type\":\"WebPage\",\"@id\":\"https:\\\/\\\/mrcopini.com\\\/cookies\\\/\",\"url\":\"https:\\\/\\\/mrcopini.com\\\/cookies\\\/\",\"name\":\"Pol\u00edtica de cookies - MrCopini\",\"isPartOf\":{\"@id\":\"https:\\\/\\\/mrcopini.com\\\/#website\"},\"datePublished\":\"2024-06-18T07:00:25+00:00\",\"dateModified\":\"2025-02-13T10:53:17+00:00\",\"breadcrumb\":{\"@id\":\"https:\\\/\\\/mrcopini.com\\\/cookies\\\/#breadcrumb\"},\"inLanguage\":\"en-GB\",\"potentialAction\":[{\"@type\":\"ReadAction\",\"target\":[\"https:\\\/\\\/mrcopini.com\\\/cookies\\\/\"]}]},{\"@type\":\"BreadcrumbList\",\"@id\":\"https:\\\/\\\/mrcopini.com\\\/cookies\\\/#breadcrumb\",\"itemListElement\":[{\"@type\":\"ListItem\",\"position\":1,\"name\":\"Portada\",\"item\":\"https:\\\/\\\/mrcopini.com\\\/\"},{\"@type\":\"ListItem\",\"position\":2,\"name\":\"Pol\u00edtica de cookies\"}]},{\"@type\":\"WebSite\",\"@id\":\"https:\\\/\\\/mrcopini.com\\\/#website\",\"url\":\"https:\\\/\\\/mrcopini.com\\\/\",\"name\":\"MrCopini\",\"description\":\"Artista de circo\",\"potentialAction\":[{\"@type\":\"SearchAction\",\"target\":{\"@type\":\"EntryPoint\",\"urlTemplate\":\"https:\\\/\\\/mrcopini.com\\\/?s={search_term_string}\"},\"query-input\":{\"@type\":\"PropertyValueSpecification\",\"valueRequired\":true,\"valueName\":\"search_term_string\"}}],\"inLanguage\":\"en-GB\"}]}<\/script>\n<!-- \/ Yoast SEO plugin. -->","yoast_head_json":{"title":"Pol\u00edtica de cookies - MrCopini","robots":{"index":"noindex","follow":"nofollow"},"og_locale":"en_GB","og_type":"article","og_title":"Pol\u00edtica de cookies - MrCopini","og_description":"Pol\u00edtica de cookie El acceso a este Sitio Web puede implicar la utilizaci\u00f3n de cookies. Las cookies son peque\u00f1as cantidades de informaci\u00f3n que se almacenan en el navegador utilizado por cada Usuario \u2014en los distintos dispositivos que pueda utilizar para navegar\u2014 para que el servidor recuerde cierta informaci\u00f3n que posteriormente y \u00fanicamente el servidor que [&hellip;]","og_url":"https:\/\/mrcopini.com\/en\/cookies\/","og_site_name":"MrCopini","article_modified_time":"2025-02-13T10:53:17+00:00","twitter_card":"summary_large_image","schema":{"@context":"https:\/\/schema.org","@graph":[{"@type":"WebPage","@id":"https:\/\/mrcopini.com\/cookies\/","url":"https:\/\/mrcopini.com\/cookies\/","name":"Pol\u00edtica de cookies - MrCopini","isPartOf":{"@id":"https:\/\/mrcopini.com\/#website"},"datePublished":"2024-06-18T07:00:25+00:00","dateModified":"2025-02-13T10:53:17+00:00","breadcrumb":{"@id":"https:\/\/mrcopini.com\/cookies\/#breadcrumb"},"inLanguage":"en-GB","potentialAction":[{"@type":"ReadAction","target":["https:\/\/mrcopini.com\/cookies\/"]}]},{"@type":"BreadcrumbList","@id":"https:\/\/mrcopini.com\/cookies\/#breadcrumb","itemListElement":[{"@type":"ListItem","position":1,"name":"Portada","item":"https:\/\/mrcopini.com\/"},{"@type":"ListItem","position":2,"name":"Pol\u00edtica de cookies"}]},{"@type":"WebSite","@id":"https:\/\/mrcopini.com\/#website","url":"https:\/\/mrcopini.com\/","name":"MrCopini","description":"Circus performer","potentialAction":[{"@type":"SearchAction","target":{"@type":"EntryPoint","urlTemplate":"https:\/\/mrcopini.com\/?s={search_term_string}"},"query-input":{"@type":"PropertyValueSpecification","valueRequired":true,"valueName":"search_term_string"}}],"inLanguage":"en-GB"}]}},"_links":{"self":[{"href":"https:\/\/mrcopini.com\/en\/wp-json\/wp\/v2\/pages\/14","targetHints":{"allow":["GET"]}}],"collection":[{"href":"https:\/\/mrcopini.com\/en\/wp-json\/wp\/v2\/pages"}],"about":[{"href":"https:\/\/mrcopini.com\/en\/wp-json\/wp\/v2\/types\/page"}],"author":[{"embeddable":true,"href":"https:\/\/mrcopini.com\/en\/wp-json\/wp\/v2\/users\/2"}],"replies":[{"embeddable":true,"href":"https:\/\/mrcopini.com\/en\/wp-json\/wp\/v2\/comments?post=14"}],"version-history":[{"count":8,"href":"https:\/\/mrcopini.com\/en\/wp-json\/wp\/v2\/pages\/14\/revisions"}],"predecessor-version":[{"id":602,"href":"https:\/\/mrcopini.com\/en\/wp-json\/wp\/v2\/pages\/14\/revisions\/602"}],"wp:attachment":[{"href":"https:\/\/mrcopini.com\/en\/wp-json\/wp\/v2\/media?parent=14"}],"curies":[{"name":"wp","href":"https:\/\/api.w.org\/{rel}","templated":true}]}}